{"id":193,"date":"2023-01-30T16:44:24","date_gmt":"2023-01-30T16:44:24","guid":{"rendered":"https:\/\/rivalago.eu\/unsere-struktur\/"},"modified":"2024-04-12T08:43:17","modified_gmt":"2024-04-12T08:43:17","slug":"unsere-struktur","status":"publish","type":"page","link":"https:\/\/rivalago.eu\/de\/unsere-struktur\/","title":{"rendered":"Unsere Struktur"},"content":{"rendered":"<p>In Cannobio, der \"Perle des Lago Maggiore\", direkt vor dem ruhigen und friedlichen Strand \"Darsene\", nur wenige Schritte vom lebhaften Lungolago voller Restaurants und Bars entfernt, liegt RIVALAGO, ein charmantes B&B, das im Sommer 2023 er\u00f6ffnet wurde.<\/p>\n<p>RIVALAGO ist aus der sorgf\u00e4ltigen und vollst\u00e4ndigen Renovierung eines alten Seehauses entstanden, bei der die traditionelle Architektur aufgewertet und mit modernstem Komfort bereichert wurde. Es verf\u00fcgt \u00fcber 8 Doppelzimmer, von denen sieben \u00fcber einen Balkon mit herrlichem Blick auf den Lago Maggiore und die umliegenden Berge verf\u00fcgen, ein Doppel-Plus-Zimmer und eine elegante Bar mit Terrasse, die von 11,30 bis 20,00 Uhr ge\u00f6ffnet ist.<\/p>\n<p>Die Zimmer, alle mit Parkettboden ausgestattet, sind ger\u00e4umig und hell, die Farben harmonisch und die Einrichtung stilvoll. Das Ambiente ist raffiniert und eignet sich f\u00fcr Erwachsene, die Ruhe und Eleganz zu sch\u00e4tzen wissen. Jedes Zimmer verf\u00fcgt \u00fcber ein gro\u00dfes, modernes Bad mit Dusche, Haartrockner und Pflegeset.<\/p>\n<p>Im Erdgeschoss gibt es einen Fr\u00fchst\u00fccksraum mit einem reichhaltigen s\u00fc\u00dfen und herzhaften Buffet und der M\u00f6glichkeit, unsere Spezialit\u00e4ten auf der Au\u00dfenterrasse mit Blick auf den See zu genie\u00dfen.<\/p>\n<p>Jeden Morgen, von 11.00 bis 20.00 Uhr, haben wir auch eine Bar mit kleiner K\u00fcche, wo Sie unsere Cocktails,  leckeren Snacks und  einige Spezialit\u00e4ten probieren, sich bei einem Buch entspannen oder das kostenlose Wi-Fi nutzen k\u00f6nnen.<\/p>\n<p>F\u00fcr komfortable und ruhige Momente am Strand in der Sonne bieten wir einen Liege- und Handtuchverleih an.<\/p>\n<p>Das Rivalago verf\u00fcgt \u00fcber einen Aufzug in den zweiten Stock, kostenlose Parkpl\u00e4tze in 400 m Entfernung und W-LAN im gesamten Hotel.<\/p>\n","protected":false},"excerpt":{"rendered":"<p>In Cannobio, der \"Perle des Lago Maggiore\", direkt vor dem ruhigen und friedlichen Strand \"Darsene\", nur wenige Schritte vom lebhaften Lungolago voller Restaurants und Bars entfernt, liegt RIVALAGO, ein charmantes B&#038;B, das im Sommer 2023 er\u00f6ffnet wurde. RIVALAGO ist aus der sorgf\u00e4ltigen und vollst\u00e4ndigen Renovierung eines alten Seehauses entstanden, bei der die traditionelle Architektur aufgewertet [&hellip;]<\/p>\n","protected":false},"author":2,"featured_media":911,"parent":0,"menu_order":0,"comment_status":"closed","ping_status":"closed","template":"","meta":{"footnotes":""},"class_list":["post-193","page","type-page","status-publish","has-post-thumbnail","hentry"],"_links":{"self":[{"href":"https:\/\/rivalago.eu\/de\/wp-json\/wp\/v2\/pages\/193","targetHints":{"allow":["GET"]}}],"collection":[{"href":"https:\/\/rivalago.eu\/de\/wp-json\/wp\/v2\/pages"}],"about":[{"href":"https:\/\/rivalago.eu\/de\/wp-json\/wp\/v2\/types\/page"}],"author":[{"embeddable":true,"href":"https:\/\/rivalago.eu\/de\/wp-json\/wp\/v2\/users\/2"}],"replies":[{"embeddable":true,"href":"https:\/\/rivalago.eu\/de\/wp-json\/wp\/v2\/comments?post=193"}],"version-history":[{"count":1,"href":"https:\/\/rivalago.eu\/de\/wp-json\/wp\/v2\/pages\/193\/revisions"}],"predecessor-version":[{"id":1110,"href":"https:\/\/rivalago.eu\/de\/wp-json\/wp\/v2\/pages\/193\/revisions\/1110"}],"wp:featuredmedia":[{"embeddable":true,"href":"https:\/\/rivalago.eu\/de\/wp-json\/wp\/v2\/media\/911"}],"wp:attachment":[{"href":"https:\/\/rivalago.eu\/de\/wp-json\/wp\/v2\/media?parent=193"}],"curies":[{"name":"wp","href":"https:\/\/api.w.org\/{rel}","templated":true}]}}