{"id":191,"date":"2023-01-30T11:22:59","date_gmt":"2023-01-30T11:22:59","guid":{"rendered":"https:\/\/rivalago.eu\/das-fruehstueck\/"},"modified":"2024-04-12T08:39:01","modified_gmt":"2024-04-12T08:39:01","slug":"das-fruehstueck","status":"publish","type":"page","link":"https:\/\/rivalago.eu\/de\/das-fruehstueck\/","title":{"rendered":"Das Fr\u00fchst\u00fcck"},"content":{"rendered":"<p>Das B&B RIVALAGO bietet ein kontinentales Fr\u00fchst\u00fccksbuffet mit echten, regionalen Produkten, sowohl s\u00fc\u00df als auch herzhaft.<\/p>\n<p>Hausgemachte Kuchen und Torten, jeden Morgen frisches Brot, typische Marmeladen und Honig aus unserer Gegend; herzhafte Produkte wie Ossola-K\u00e4se und Schinken aus der Region; Joghurt, frisches und getrocknetes Obst, dazu Fruchts\u00e4fte, Cappuccino, Kaffee und vieles mehr.<br \/>\nSie k\u00f6nnen das Fr\u00fchst\u00fcck jeden Morgen von 8.00 bis 10.00 Uhr im eleganten Speisesaal im Erdgeschoss oder drau\u00dfen auf der sch\u00f6nen Terrasse mit Seeblick genie\u00dfen.<br \/>\nRIVALAGO nimmt besondere R\u00fccksicht auf Lebensmittelunvertr\u00e4glichkeiten, die Sie uns per E-Mail oder direkt beim Check-in mitteilen k\u00f6nnen.<\/p>\n<style>#jtg-127 .modula-item .jtg-social a, .lightbox-socials.jtg-social a{ fill: #ffffff; color: #ffffff }#jtg-127 .modula-item .jtg-social-mobile a{ fill: #ffffff; color: #ffffff }#jtg-127 .modula-item .jtg-social svg, .lightbox-socials.jtg-social svg { height: 16px; width: 16px }#jtg-127 .modula-item .jtg-social-mobile svg { height: 16px; width: 16px }#jtg-127 .modula-item .jtg-social a:not(:last-child), .lightbox-socials.jtg-social a:not(:last-child) { margin-right: 10px }#jtg-127 .modula-item .jtg-social-mobile .jtg-social-mobile-icons a:not(:last-child){ margin-right: 10px }#jtg-127 .modula-item .figc {color:#ffffff;}#jtg-127 .modula-item .modula-item-content { transform: scale(1) }#jtg-127 .modula-items .figc p.description { font-size:14px; }#jtg-127 .modula-items .figc p.description { color:#ffffff;}#jtg-127.modula-gallery .modula-item > a, #jtg-127.modula-gallery .modula-item, #jtg-127.modula-gallery .modula-item-content > a:not(.modula-no-follow) { cursor:zoom-in; } #jtg-127.modula-gallery .modula-item-content .modula-no-follow { cursor: default; } @media screen and (max-width:480px){#jtg-127 .modula-item .figc .jtg-title {  font-size: 12px; }#jtg-127 .modula-items .figc p.description { color:#ffffff;font-size:10px; }}<\/style>\n<!-- Gallery Container -->\n<div  id=\"jtg-127\" class=\"modula modula-gallery modula-custom-grid\" data-config=\"{&quot;height&quot;:0,&quot;tabletHeight&quot;:0,&quot;mobileHeight&quot;:0,&quot;desktopHeight&quot;:0,&quot;enableTwitter&quot;:false,&quot;enableWhatsapp&quot;:false,&quot;enableFacebook&quot;:false,&quot;enablePinterest&quot;:false,&quot;enableLinkedin&quot;:false,&quot;enableEmail&quot;:false,&quot;randomFactor&quot;:0,&quot;type&quot;:&quot;custom-grid&quot;,&quot;columns&quot;:12,&quot;gutter&quot;:10,&quot;mobileGutter&quot;:10,&quot;tabletGutter&quot;:10,&quot;desktopGutter&quot;:10,&quot;enableResponsive&quot;:&quot;0&quot;,&quot;tabletColumns&quot;:&quot;2&quot;,&quot;mobileColumns&quot;:&quot;1&quot;,&quot;lazyLoad&quot;:&quot;1&quot;,&quot;lightboxOpts&quot;:{&quot;animated&quot;:true,&quot;Thumbs&quot;:{&quot;type&quot;:&quot;modern&quot;,&quot;showOnStart&quot;:false},&quot;Toolbar&quot;:{&quot;display&quot;:{&quot;right&quot;:[&quot;close&quot;]},&quot;enabled&quot;:true},&quot;Carousel&quot;:{&quot;Panzoom&quot;:{&quot;touch&quot;:false},&quot;infinite&quot;:false},&quot;keyboard&quot;:{&quot;Escape&quot;:&quot;close&quot;,&quot;Delete&quot;:&quot;close&quot;,&quot;Backspace&quot;:&quot;close&quot;,&quot;PageUp&quot;:false,&quot;PageDown&quot;:false,&quot;ArrowUp&quot;:false,&quot;ArrowDown&quot;:false,&quot;ArrowRight&quot;:false,&quot;ArrowLeft&quot;:false},&quot;touch&quot;:false,&quot;backdropClick&quot;:false,&quot;l10n&quot;:{&quot;CLOSE&quot;:&quot;Close&quot;,&quot;NEXT&quot;:&quot;Next&quot;,&quot;PREV&quot;:&quot;Previous&quot;,&quot;Error&quot;:&quot;The requested content cannot be loaded. Please try again later.&quot;,&quot;PLAY_START&quot;:&quot;Start slideshow&quot;,&quot;PLAY_STOP&quot;:&quot;Pause slideshow&quot;,&quot;FULL_SCREEN&quot;:&quot;Full screen&quot;,&quot;THUMBS&quot;:&quot;Thumbnails&quot;,&quot;DOWNLOAD&quot;:&quot;Download&quot;,&quot;SHARE&quot;:&quot;Share&quot;,&quot;ZOOM&quot;:&quot;Zoom&quot;,&quot;EMAIL&quot;:&quot;Here is the link to the image : %%image_link%% and this is the link to the gallery : %%gallery_link%%&quot;,&quot;MODAL&quot;:&quot;You can close this modal content with the ESC key&quot;,&quot;ERROR&quot;:&quot;Something Went Wrong, Please Try Again Later&quot;,&quot;IMAGE_ERROR&quot;:&quot;Image Not Found&quot;,&quot;ELEMENT_NOT_FOUND&quot;:&quot;HTML Element Not Found&quot;,&quot;AJAX_NOT_FOUND&quot;:&quot;Error Loading AJAX : Not Found&quot;,&quot;AJAX_FORBIDDEN&quot;:&quot;Error Loading AJAX : Forbidden&quot;,&quot;IFRAME_ERROR&quot;:&quot;Error Loading Page&quot;,&quot;TOGGLE_ZOOM&quot;:&quot;Toggle zoom level&quot;,&quot;TOGGLE_THUMBS&quot;:&quot;Toggle thumbnails&quot;,&quot;TOGGLE_SLIDESHOW&quot;:&quot;Toggle slideshow&quot;,&quot;TOGGLE_FULLSCREEN&quot;:&quot;Toggle full-screen mode&quot;},&quot;Images&quot;:{&quot;Panzoom&quot;:{&quot;maxScale&quot;:2}},&quot;mainClass&quot;:&quot;modula-fancybox-container modula-lightbox-jtg-127&quot;,&quot;Html&quot;:{&quot;videoAutoplay&quot;:0,&quot;videoTpl&quot;:&quot;&lt;video class=\\&quot;fancybox__html5video\\&quot; controls muted playsinline controlsList controlsList=\\&quot;nodownload\\&quot; poster=\\&quot;{{poster}}\\&quot; src=\\&quot;{{src}}\\&quot; type=\\&quot;{{format}}\\&quot; &gt;  Sorry, your browser doesn&#039;t support embedded videos, &lt;a href=\\&quot;{{src}}\\&quot;&gt; download &lt;\\\/a&gt; and watch with your favorite video player! &lt;\\\/video&gt;&quot;}},&quot;inView&quot;:false,&quot;email_subject&quot;:&quot;Check out this awesome image !!&quot;,&quot;email_message&quot;:&quot;Here is the link to the image : %%image_link%% and this is the link to the gallery : %%gallery_link%%&quot;,&quot;lightbox&quot;:&quot;fancybox&quot;}\">\n\n\t\n\t<!-- Items Container -->\n\t<div  class=\"modula-items\">\n\t\t<div class=\"modula-item effect-pufrobo\" data-width=\"2\" data-height=\"2\" >\n\t<div class=\"modula-item-overlay\"><\/div>\n\n\t<div class=\"modula-item-content\">\n\n\t\t\t\t\n\t\t\t\t\t<a data-image-id=\"825\" data-elementor-open-lightbox=\"no\" tabindex=\"0\" rel=\"jtg-127\" data-caption=\"\" aria-label=\"Open image in lightbox\" role=\"button\" class=\"tile-inner modula-item-link\"><\/a>\n\t\t\n\t\t<img fetchpriority=\"high\" class=\"pic wp-image-825 lazyload\"  data-valign=\"middle\" data-halign=\"center\" alt=\"\" data-full=\"https:\/\/rivalago.eu\/wp-content\/uploads\/2023\/07\/20230728_Rivalago_0056.jpg\" title=\"20230728_Rivalago_0056\" width=\"300\" height=\"200\" data-src=\"https:\/\/rivalago.eu\/wp-content\/uploads\/2023\/07\/20230728_Rivalago_0056-300x200.jpg\" data-caption=\"\" data-source=\"modula\" data-srcset=\"https:\/\/rivalago.eu\/wp-content\/uploads\/2023\/07\/20230728_Rivalago_0056-scaled.jpg 2560w, https:\/\/rivalago.eu\/wp-content\/uploads\/2023\/07\/20230728_Rivalago_0056-scaled-300x200.jpg 300w, https:\/\/rivalago.eu\/wp-content\/uploads\/2023\/07\/20230728_Rivalago_0056-1024x683.jpg 1024w, https:\/\/rivalago.eu\/wp-content\/uploads\/2023\/07\/20230728_Rivalago_0056-768x512.jpg 768w, https:\/\/rivalago.eu\/wp-content\/uploads\/2023\/07\/20230728_Rivalago_0056-1536x1024.jpg 1536w, https:\/\/rivalago.eu\/wp-content\/uploads\/2023\/07\/20230728_Rivalago_0056-2048x1365.jpg 2048w\" data-sizes=\"(max-width: 300px) 100vw, 300px\" \/>\n\t\t<div class=\"figc no-description\">\n\t\t\t<div class=\"figc-inner\">\n\t\t\t\t\t\t\t\t\t\t\t\t\t\t\t<\/div>\n\t\t<\/div>\n\n\t<\/div>\n\n<\/div><div class=\"modula-item effect-pufrobo\" data-width=\"2\" data-height=\"2\" >\n\t<div class=\"modula-item-overlay\"><\/div>\n\n\t<div class=\"modula-item-content\">\n\n\t\t\t\t\n\t\t\t\t\t<a data-image-id=\"843\" data-elementor-open-lightbox=\"no\" tabindex=\"0\" rel=\"jtg-127\" data-caption=\"\" aria-label=\"Open image in lightbox\" role=\"button\" class=\"tile-inner modula-item-link\"><\/a>\n\t\t\n\t\t<img class=\"pic wp-image-843 lazyload\"  data-valign=\"middle\" data-halign=\"center\" alt=\"\" data-full=\"https:\/\/rivalago.eu\/wp-content\/uploads\/2023\/07\/20230728_Rivalago_0063.jpg\" title=\"20230728_Rivalago_0063\" width=\"300\" height=\"200\" data-src=\"https:\/\/rivalago.eu\/wp-content\/uploads\/2023\/07\/20230728_Rivalago_0063-300x200.jpg\" data-caption=\"\" data-source=\"modula\" data-srcset=\"https:\/\/rivalago.eu\/wp-content\/uploads\/2023\/07\/20230728_Rivalago_0063-scaled.jpg 2560w, https:\/\/rivalago.eu\/wp-content\/uploads\/2023\/07\/20230728_Rivalago_0063-scaled-300x200.jpg 300w, https:\/\/rivalago.eu\/wp-content\/uploads\/2023\/07\/20230728_Rivalago_0063-1024x683.jpg 1024w, https:\/\/rivalago.eu\/wp-content\/uploads\/2023\/07\/20230728_Rivalago_0063-768x512.jpg 768w, https:\/\/rivalago.eu\/wp-content\/uploads\/2023\/07\/20230728_Rivalago_0063-1536x1024.jpg 1536w, https:\/\/rivalago.eu\/wp-content\/uploads\/2023\/07\/20230728_Rivalago_0063-2048x1365.jpg 2048w\" data-sizes=\"(max-width: 300px) 100vw, 300px\" \/>\n\t\t<div class=\"figc no-description\">\n\t\t\t<div class=\"figc-inner\">\n\t\t\t\t\t\t\t\t\t\t\t\t\t\t\t<\/div>\n\t\t<\/div>\n\n\t<\/div>\n\n<\/div><div class=\"modula-item effect-pufrobo\" data-width=\"2\" data-height=\"2\" >\n\t<div class=\"modula-item-overlay\"><\/div>\n\n\t<div class=\"modula-item-content\">\n\n\t\t\t\t\n\t\t\t\t\t<a data-image-id=\"834\" data-elementor-open-lightbox=\"no\" tabindex=\"0\" rel=\"jtg-127\" data-caption=\"\" aria-label=\"Open image in lightbox\" role=\"button\" class=\"tile-inner modula-item-link\"><\/a>\n\t\t\n\t\t<img class=\"pic wp-image-834 lazyload\"  data-valign=\"middle\" data-halign=\"center\" alt=\"\" data-full=\"https:\/\/rivalago.eu\/wp-content\/uploads\/2023\/07\/20230728_Rivalago_0060.jpg\" title=\"20230728_Rivalago_0060\" width=\"300\" height=\"200\" data-src=\"https:\/\/rivalago.eu\/wp-content\/uploads\/2023\/07\/20230728_Rivalago_0060-300x200.jpg\" data-caption=\"\" data-source=\"modula\" data-srcset=\"https:\/\/rivalago.eu\/wp-content\/uploads\/2023\/07\/20230728_Rivalago_0060-scaled.jpg 2560w, https:\/\/rivalago.eu\/wp-content\/uploads\/2023\/07\/20230728_Rivalago_0060-scaled-300x200.jpg 300w, https:\/\/rivalago.eu\/wp-content\/uploads\/2023\/07\/20230728_Rivalago_0060-1024x683.jpg 1024w, https:\/\/rivalago.eu\/wp-content\/uploads\/2023\/07\/20230728_Rivalago_0060-768x512.jpg 768w, https:\/\/rivalago.eu\/wp-content\/uploads\/2023\/07\/20230728_Rivalago_0060-1536x1024.jpg 1536w, https:\/\/rivalago.eu\/wp-content\/uploads\/2023\/07\/20230728_Rivalago_0060-2048x1365.jpg 2048w\" data-sizes=\"(max-width: 300px) 100vw, 300px\" \/>\n\t\t<div class=\"figc no-description\">\n\t\t\t<div class=\"figc-inner\">\n\t\t\t\t\t\t\t\t\t\t\t\t\t\t\t<\/div>\n\t\t<\/div>\n\n\t<\/div>\n\n<\/div><div class=\"modula-item effect-pufrobo\" data-width=\"2\" data-height=\"2\" >\n\t<div class=\"modula-item-overlay\"><\/div>\n\n\t<div class=\"modula-item-content\">\n\n\t\t\t\t\n\t\t\t\t\t<a data-image-id=\"831\" data-elementor-open-lightbox=\"no\" tabindex=\"0\" rel=\"jtg-127\" data-caption=\"\" aria-label=\"Open image in lightbox\" role=\"button\" class=\"tile-inner modula-item-link\"><\/a>\n\t\t\n\t\t<img loading=\"lazy\" class=\"pic wp-image-831 lazyload\"  data-valign=\"middle\" data-halign=\"center\" alt=\"\" data-full=\"https:\/\/rivalago.eu\/wp-content\/uploads\/2023\/07\/20230728_Rivalago_0058.jpg\" title=\"20230728_Rivalago_0058\" width=\"300\" height=\"200\" data-src=\"https:\/\/rivalago.eu\/wp-content\/uploads\/2023\/07\/20230728_Rivalago_0058-300x200.jpg\" data-caption=\"\" data-source=\"modula\" data-srcset=\"https:\/\/rivalago.eu\/wp-content\/uploads\/2023\/07\/20230728_Rivalago_0058-scaled.jpg 2560w, https:\/\/rivalago.eu\/wp-content\/uploads\/2023\/07\/20230728_Rivalago_0058-scaled-300x200.jpg 300w, https:\/\/rivalago.eu\/wp-content\/uploads\/2023\/07\/20230728_Rivalago_0058-1024x683.jpg 1024w, https:\/\/rivalago.eu\/wp-content\/uploads\/2023\/07\/20230728_Rivalago_0058-768x512.jpg 768w, https:\/\/rivalago.eu\/wp-content\/uploads\/2023\/07\/20230728_Rivalago_0058-1536x1024.jpg 1536w, https:\/\/rivalago.eu\/wp-content\/uploads\/2023\/07\/20230728_Rivalago_0058-2048x1365.jpg 2048w\" data-sizes=\"(max-width: 300px) 100vw, 300px\" \/>\n\t\t<div class=\"figc no-description\">\n\t\t\t<div class=\"figc-inner\">\n\t\t\t\t\t\t\t\t\t\t\t\t\t\t\t<\/div>\n\t\t<\/div>\n\n\t<\/div>\n\n<\/div><div class=\"modula-item effect-pufrobo\" data-width=\"2\" data-height=\"2\" >\n\t<div class=\"modula-item-overlay\"><\/div>\n\n\t<div class=\"modula-item-content\">\n\n\t\t\t\t\n\t\t\t\t\t<a data-image-id=\"828\" data-elementor-open-lightbox=\"no\" tabindex=\"0\" rel=\"jtg-127\" data-caption=\"\" aria-label=\"Open image in lightbox\" role=\"button\" class=\"tile-inner modula-item-link\"><\/a>\n\t\t\n\t\t<img loading=\"lazy\" class=\"pic wp-image-828 lazyload\"  data-valign=\"middle\" data-halign=\"center\" alt=\"\" data-full=\"https:\/\/rivalago.eu\/wp-content\/uploads\/2023\/07\/20230728_Rivalago_0057.jpg\" title=\"20230728_Rivalago_0057\" width=\"300\" height=\"200\" data-src=\"https:\/\/rivalago.eu\/wp-content\/uploads\/2023\/07\/20230728_Rivalago_0057-300x200.jpg\" data-caption=\"\" data-source=\"modula\" data-srcset=\"https:\/\/rivalago.eu\/wp-content\/uploads\/2023\/07\/20230728_Rivalago_0057-scaled.jpg 2560w, https:\/\/rivalago.eu\/wp-content\/uploads\/2023\/07\/20230728_Rivalago_0057-scaled-300x200.jpg 300w, https:\/\/rivalago.eu\/wp-content\/uploads\/2023\/07\/20230728_Rivalago_0057-1024x683.jpg 1024w, https:\/\/rivalago.eu\/wp-content\/uploads\/2023\/07\/20230728_Rivalago_0057-768x512.jpg 768w, https:\/\/rivalago.eu\/wp-content\/uploads\/2023\/07\/20230728_Rivalago_0057-1536x1024.jpg 1536w, https:\/\/rivalago.eu\/wp-content\/uploads\/2023\/07\/20230728_Rivalago_0057-2048x1365.jpg 2048w\" data-sizes=\"(max-width: 300px) 100vw, 300px\" \/>\n\t\t<div class=\"figc no-description\">\n\t\t\t<div class=\"figc-inner\">\n\t\t\t\t\t\t\t\t\t\t\t\t\t\t\t<\/div>\n\t\t<\/div>\n\n\t<\/div>\n\n<\/div><div class=\"modula-item effect-pufrobo\" data-width=\"2\" data-height=\"2\" >\n\t<div class=\"modula-item-overlay\"><\/div>\n\n\t<div class=\"modula-item-content\">\n\n\t\t\t\t\n\t\t\t\t\t<a data-image-id=\"810\" data-elementor-open-lightbox=\"no\" tabindex=\"0\" rel=\"jtg-127\" data-caption=\"\" aria-label=\"Open image in lightbox\" role=\"button\" class=\"tile-inner modula-item-link\"><\/a>\n\t\t\n\t\t<img loading=\"lazy\" class=\"pic wp-image-810 lazyload\"  data-valign=\"middle\" data-halign=\"center\" alt=\"\" data-full=\"https:\/\/rivalago.eu\/wp-content\/uploads\/2023\/07\/20230728_Rivalago_0049.jpg\" title=\"20230728_Rivalago_0049\" width=\"300\" height=\"200\" data-src=\"https:\/\/rivalago.eu\/wp-content\/uploads\/2023\/07\/20230728_Rivalago_0049-300x200.jpg\" data-caption=\"\" data-source=\"modula\" data-srcset=\"https:\/\/rivalago.eu\/wp-content\/uploads\/2023\/07\/20230728_Rivalago_0049-scaled.jpg 2560w, https:\/\/rivalago.eu\/wp-content\/uploads\/2023\/07\/20230728_Rivalago_0049-scaled-300x200.jpg 300w, https:\/\/rivalago.eu\/wp-content\/uploads\/2023\/07\/20230728_Rivalago_0049-1024x683.jpg 1024w, https:\/\/rivalago.eu\/wp-content\/uploads\/2023\/07\/20230728_Rivalago_0049-768x512.jpg 768w, https:\/\/rivalago.eu\/wp-content\/uploads\/2023\/07\/20230728_Rivalago_0049-1536x1024.jpg 1536w, https:\/\/rivalago.eu\/wp-content\/uploads\/2023\/07\/20230728_Rivalago_0049-2048x1365.jpg 2048w\" data-sizes=\"(max-width: 300px) 100vw, 300px\" \/>\n\t\t<div class=\"figc no-description\">\n\t\t\t<div class=\"figc-inner\">\n\t\t\t\t\t\t\t\t\t\t\t\t\t\t\t<\/div>\n\t\t<\/div>\n\n\t<\/div>\n\n<\/div><div class=\"modula-item effect-pufrobo\" data-width=\"2\" data-height=\"2\" >\n\t<div class=\"modula-item-overlay\"><\/div>\n\n\t<div class=\"modula-item-content\">\n\n\t\t\t\t\n\t\t\t\t\t<a data-image-id=\"849\" data-elementor-open-lightbox=\"no\" tabindex=\"0\" rel=\"jtg-127\" data-caption=\"\" aria-label=\"Open image in lightbox\" role=\"button\" class=\"tile-inner modula-item-link\"><\/a>\n\t\t\n\t\t<img loading=\"lazy\" class=\"pic wp-image-849 lazyload\"  data-valign=\"middle\" data-halign=\"center\" alt=\"\" data-full=\"https:\/\/rivalago.eu\/wp-content\/uploads\/2023\/07\/20230728_Rivalago_0065-Modifica.jpg\" title=\"20230728_Rivalago_0065-Modifica\" width=\"300\" height=\"200\" data-src=\"https:\/\/rivalago.eu\/wp-content\/uploads\/2023\/07\/20230728_Rivalago_0065-Modifica-300x200.jpg\" data-caption=\"\" data-source=\"modula\" data-srcset=\"https:\/\/rivalago.eu\/wp-content\/uploads\/2023\/07\/20230728_Rivalago_0065-Modifica-scaled.jpg 2560w, https:\/\/rivalago.eu\/wp-content\/uploads\/2023\/07\/20230728_Rivalago_0065-Modifica-scaled-300x200.jpg 300w, https:\/\/rivalago.eu\/wp-content\/uploads\/2023\/07\/20230728_Rivalago_0065-Modifica-1024x683.jpg 1024w, https:\/\/rivalago.eu\/wp-content\/uploads\/2023\/07\/20230728_Rivalago_0065-Modifica-768x512.jpg 768w, https:\/\/rivalago.eu\/wp-content\/uploads\/2023\/07\/20230728_Rivalago_0065-Modifica-1536x1024.jpg 1536w, https:\/\/rivalago.eu\/wp-content\/uploads\/2023\/07\/20230728_Rivalago_0065-Modifica-2048x1365.jpg 2048w\" data-sizes=\"(max-width: 300px) 100vw, 300px\" \/>\n\t\t<div class=\"figc no-description\">\n\t\t\t<div class=\"figc-inner\">\n\t\t\t\t\t\t\t\t\t\t\t\t\t\t\t<\/div>\n\t\t<\/div>\n\n\t<\/div>\n\n<\/div><div class=\"modula-item effect-pufrobo\" data-width=\"2\" data-height=\"2\" >\n\t<div class=\"modula-item-overlay\"><\/div>\n\n\t<div class=\"modula-item-content\">\n\n\t\t\t\t\n\t\t\t\t\t<a data-image-id=\"876\" data-elementor-open-lightbox=\"no\" tabindex=\"0\" rel=\"jtg-127\" data-caption=\"\" aria-label=\"Open image in lightbox\" role=\"button\" class=\"tile-inner modula-item-link\"><\/a>\n\t\t\n\t\t<img loading=\"lazy\" class=\"pic wp-image-876 lazyload\"  data-valign=\"middle\" data-halign=\"center\" alt=\"\" data-full=\"https:\/\/rivalago.eu\/wp-content\/uploads\/2023\/07\/20230728_Rivalago_0046-1.jpg\" title=\"20230728_Rivalago_0046\" width=\"300\" height=\"200\" data-src=\"https:\/\/rivalago.eu\/wp-content\/uploads\/2023\/07\/20230728_Rivalago_0046-1-300x200.jpg\" data-caption=\"\" data-source=\"modula\" data-srcset=\"https:\/\/rivalago.eu\/wp-content\/uploads\/2023\/07\/20230728_Rivalago_0046-1-scaled.jpg 2560w, https:\/\/rivalago.eu\/wp-content\/uploads\/2023\/07\/20230728_Rivalago_0046-1-scaled-300x200.jpg 300w, https:\/\/rivalago.eu\/wp-content\/uploads\/2023\/07\/20230728_Rivalago_0046-1-1024x683.jpg 1024w, https:\/\/rivalago.eu\/wp-content\/uploads\/2023\/07\/20230728_Rivalago_0046-1-768x512.jpg 768w, https:\/\/rivalago.eu\/wp-content\/uploads\/2023\/07\/20230728_Rivalago_0046-1-1536x1024.jpg 1536w, https:\/\/rivalago.eu\/wp-content\/uploads\/2023\/07\/20230728_Rivalago_0046-1-2048x1365.jpg 2048w\" data-sizes=\"(max-width: 300px) 100vw, 300px\" \/>\n\t\t<div class=\"figc no-description\">\n\t\t\t<div class=\"figc-inner\">\n\t\t\t\t\t\t\t\t\t\t\t\t\t\t\t<\/div>\n\t\t<\/div>\n\n\t<\/div>\n\n<\/div><div class=\"modula-item effect-pufrobo\" data-width=\"2\" data-height=\"2\" >\n\t<div class=\"modula-item-overlay\"><\/div>\n\n\t<div class=\"modula-item-content\">\n\n\t\t\t\t\n\t\t\t\t\t<a data-image-id=\"840\" data-elementor-open-lightbox=\"no\" tabindex=\"0\" rel=\"jtg-127\" data-caption=\"\" aria-label=\"Open image in lightbox\" role=\"button\" class=\"tile-inner modula-item-link\"><\/a>\n\t\t\n\t\t<img loading=\"lazy\" class=\"pic wp-image-840 lazyload\"  data-valign=\"middle\" data-halign=\"center\" alt=\"\" data-full=\"https:\/\/rivalago.eu\/wp-content\/uploads\/2023\/07\/20230728_Rivalago_0062.jpg\" title=\"20230728_Rivalago_0062\" width=\"300\" height=\"200\" data-src=\"https:\/\/rivalago.eu\/wp-content\/uploads\/2023\/07\/20230728_Rivalago_0062-300x200.jpg\" data-caption=\"\" data-source=\"modula\" data-srcset=\"https:\/\/rivalago.eu\/wp-content\/uploads\/2023\/07\/20230728_Rivalago_0062-scaled.jpg 2560w, https:\/\/rivalago.eu\/wp-content\/uploads\/2023\/07\/20230728_Rivalago_0062-scaled-300x200.jpg 300w, https:\/\/rivalago.eu\/wp-content\/uploads\/2023\/07\/20230728_Rivalago_0062-1024x683.jpg 1024w, https:\/\/rivalago.eu\/wp-content\/uploads\/2023\/07\/20230728_Rivalago_0062-768x512.jpg 768w, https:\/\/rivalago.eu\/wp-content\/uploads\/2023\/07\/20230728_Rivalago_0062-1536x1024.jpg 1536w, https:\/\/rivalago.eu\/wp-content\/uploads\/2023\/07\/20230728_Rivalago_0062-2048x1365.jpg 2048w\" data-sizes=\"(max-width: 300px) 100vw, 300px\" \/>\n\t\t<div class=\"figc no-description\">\n\t\t\t<div class=\"figc-inner\">\n\t\t\t\t\t\t\t\t\t\t\t\t\t\t\t<\/div>\n\t\t<\/div>\n\n\t<\/div>\n\n<\/div><div class=\"modula-item effect-pufrobo\" data-width=\"2\" data-height=\"2\" >\n\t<div class=\"modula-item-overlay\"><\/div>\n\n\t<div class=\"modula-item-content\">\n\n\t\t\t\t\n\t\t\t\t\t<a data-image-id=\"861\" data-elementor-open-lightbox=\"no\" tabindex=\"0\" rel=\"jtg-127\" data-caption=\"\" aria-label=\"Open image in lightbox\" role=\"button\" class=\"tile-inner modula-item-link\"><\/a>\n\t\t\n\t\t<img loading=\"lazy\" class=\"pic wp-image-861 lazyload\"  data-valign=\"middle\" data-halign=\"center\" alt=\"\" data-full=\"https:\/\/rivalago.eu\/wp-content\/uploads\/2023\/07\/20230728_Rivalago_0073.jpg\" title=\"20230728_Rivalago_0073\" width=\"300\" height=\"200\" data-src=\"https:\/\/rivalago.eu\/wp-content\/uploads\/2023\/07\/20230728_Rivalago_0073-300x200.jpg\" data-caption=\"\" data-source=\"modula\" data-srcset=\"https:\/\/rivalago.eu\/wp-content\/uploads\/2023\/07\/20230728_Rivalago_0073-scaled.jpg 2560w, https:\/\/rivalago.eu\/wp-content\/uploads\/2023\/07\/20230728_Rivalago_0073-scaled-300x200.jpg 300w, https:\/\/rivalago.eu\/wp-content\/uploads\/2023\/07\/20230728_Rivalago_0073-1024x683.jpg 1024w, https:\/\/rivalago.eu\/wp-content\/uploads\/2023\/07\/20230728_Rivalago_0073-768x512.jpg 768w, https:\/\/rivalago.eu\/wp-content\/uploads\/2023\/07\/20230728_Rivalago_0073-1536x1024.jpg 1536w, https:\/\/rivalago.eu\/wp-content\/uploads\/2023\/07\/20230728_Rivalago_0073-2048x1365.jpg 2048w\" data-sizes=\"(max-width: 300px) 100vw, 300px\" \/>\n\t\t<div class=\"figc no-description\">\n\t\t\t<div class=\"figc-inner\">\n\t\t\t\t\t\t\t\t\t\t\t\t\t\t\t<\/div>\n\t\t<\/div>\n\n\t<\/div>\n\n<\/div><div class=\"modula-item effect-pufrobo\" data-width=\"2\" data-height=\"2\" >\n\t<div class=\"modula-item-overlay\"><\/div>\n\n\t<div class=\"modula-item-content\">\n\n\t\t\t\t\n\t\t\t\t\t<a data-image-id=\"822\" data-elementor-open-lightbox=\"no\" tabindex=\"0\" rel=\"jtg-127\" data-caption=\"\" aria-label=\"Open image in lightbox\" role=\"button\" class=\"tile-inner modula-item-link\"><\/a>\n\t\t\n\t\t<img loading=\"lazy\" class=\"pic wp-image-822 lazyload\"  data-valign=\"middle\" data-halign=\"center\" alt=\"\" data-full=\"https:\/\/rivalago.eu\/wp-content\/uploads\/2023\/07\/20230728_Rivalago_0055.jpg\" title=\"20230728_Rivalago_0055\" width=\"300\" height=\"200\" data-src=\"https:\/\/rivalago.eu\/wp-content\/uploads\/2023\/07\/20230728_Rivalago_0055-300x200.jpg\" data-caption=\"\" data-source=\"modula\" data-srcset=\"https:\/\/rivalago.eu\/wp-content\/uploads\/2023\/07\/20230728_Rivalago_0055-scaled.jpg 2560w, https:\/\/rivalago.eu\/wp-content\/uploads\/2023\/07\/20230728_Rivalago_0055-scaled-300x200.jpg 300w, https:\/\/rivalago.eu\/wp-content\/uploads\/2023\/07\/20230728_Rivalago_0055-1024x683.jpg 1024w, https:\/\/rivalago.eu\/wp-content\/uploads\/2023\/07\/20230728_Rivalago_0055-768x512.jpg 768w, https:\/\/rivalago.eu\/wp-content\/uploads\/2023\/07\/20230728_Rivalago_0055-1536x1024.jpg 1536w, https:\/\/rivalago.eu\/wp-content\/uploads\/2023\/07\/20230728_Rivalago_0055-2048x1365.jpg 2048w\" data-sizes=\"(max-width: 300px) 100vw, 300px\" \/>\n\t\t<div class=\"figc no-description\">\n\t\t\t<div class=\"figc-inner\">\n\t\t\t\t\t\t\t\t\t\t\t\t\t\t\t<\/div>\n\t\t<\/div>\n\n\t<\/div>\n\n<\/div><div class=\"modula-item effect-pufrobo\" data-width=\"2\" data-height=\"2\" >\n\t<div class=\"modula-item-overlay\"><\/div>\n\n\t<div class=\"modula-item-content\">\n\n\t\t\t\t\n\t\t\t\t\t<a data-image-id=\"915\" data-elementor-open-lightbox=\"no\" tabindex=\"0\" rel=\"jtg-127\" data-caption=\"\" aria-label=\"Open image in lightbox\" role=\"button\" class=\"tile-inner modula-item-link\"><\/a>\n\t\t\n\t\t<img loading=\"lazy\" class=\"pic wp-image-915 lazyload\"  data-valign=\"middle\" data-halign=\"center\" alt=\"\" data-full=\"https:\/\/rivalago.eu\/wp-content\/uploads\/2023\/08\/20230728_Rivalago_0053.jpg\" title=\"20230728_Rivalago_0053\" width=\"300\" height=\"200\" data-src=\"https:\/\/rivalago.eu\/wp-content\/uploads\/2023\/08\/20230728_Rivalago_0053-300x200.jpg\" data-caption=\"\" data-source=\"modula\" data-srcset=\"https:\/\/rivalago.eu\/wp-content\/uploads\/2023\/08\/20230728_Rivalago_0053-scaled.jpg 2560w, https:\/\/rivalago.eu\/wp-content\/uploads\/2023\/08\/20230728_Rivalago_0053-scaled-300x200.jpg 300w, https:\/\/rivalago.eu\/wp-content\/uploads\/2023\/08\/20230728_Rivalago_0053-1024x683.jpg 1024w, https:\/\/rivalago.eu\/wp-content\/uploads\/2023\/08\/20230728_Rivalago_0053-768x512.jpg 768w, https:\/\/rivalago.eu\/wp-content\/uploads\/2023\/08\/20230728_Rivalago_0053-1536x1024.jpg 1536w, https:\/\/rivalago.eu\/wp-content\/uploads\/2023\/08\/20230728_Rivalago_0053-2048x1365.jpg 2048w\" data-sizes=\"(max-width: 300px) 100vw, 300px\" \/>\n\t\t<div class=\"figc no-description\">\n\t\t\t<div class=\"figc-inner\">\n\t\t\t\t\t\t\t\t\t\t\t\t\t\t\t<\/div>\n\t\t<\/div>\n\n\t<\/div>\n\n<\/div>\t\t\n\t<\/div>\n\n\t\n\t\n\t<script type=\"application\/ld+json\">\n\t{\n\t\t\"@context\": \"http:\/\/schema.org\",\n\t\t\"@type\"   : \"ImageGallery\",\n\t\t\"id\"      : \"https:\/\/rivalago.eu\/de\/das-fruehstueck\/\",\n\t\t\"url\"     : \"https:\/\/rivalago.eu\/de\/das-fruehstueck\/\"\n\t}\n\n\t<\/script>\n\n\t\n<\/div>\n","protected":false},"excerpt":{"rendered":"<p>Das B&#038;B RIVALAGO bietet ein kontinentales Fr\u00fchst\u00fccksbuffet mit echten, regionalen Produkten, sowohl s\u00fc\u00df als auch herzhaft. Hausgemachte Kuchen und Torten, jeden Morgen frisches Brot, typische Marmeladen und Honig aus unserer Gegend; herzhafte Produkte wie Ossola-K\u00e4se und Schinken aus der Region; Joghurt, frisches und getrocknetes Obst, dazu Fruchts\u00e4fte, Cappuccino, Kaffee und vieles mehr. Sie k\u00f6nnen das [&hellip;]<\/p>\n","protected":false},"author":2,"featured_media":827,"parent":0,"menu_order":0,"comment_status":"closed","ping_status":"closed","template":"","meta":{"footnotes":""},"class_list":["post-191","page","type-page","status-publish","has-post-thumbnail","hentry"],"_links":{"self":[{"href":"https:\/\/rivalago.eu\/de\/wp-json\/wp\/v2\/pages\/191","targetHints":{"allow":["GET"]}}],"collection":[{"href":"https:\/\/rivalago.eu\/de\/wp-json\/wp\/v2\/pages"}],"about":[{"href":"https:\/\/rivalago.eu\/de\/wp-json\/wp\/v2\/types\/page"}],"author":[{"embeddable":true,"href":"https:\/\/rivalago.eu\/de\/wp-json\/wp\/v2\/users\/2"}],"replies":[{"embeddable":true,"href":"https:\/\/rivalago.eu\/de\/wp-json\/wp\/v2\/comments?post=191"}],"version-history":[{"count":1,"href":"https:\/\/rivalago.eu\/de\/wp-json\/wp\/v2\/pages\/191\/revisions"}],"predecessor-version":[{"id":1105,"href":"https:\/\/rivalago.eu\/de\/wp-json\/wp\/v2\/pages\/191\/revisions\/1105"}],"wp:featuredmedia":[{"embeddable":true,"href":"https:\/\/rivalago.eu\/de\/wp-json\/wp\/v2\/media\/827"}],"wp:attachment":[{"href":"https:\/\/rivalago.eu\/de\/wp-json\/wp\/v2\/media?parent=191"}],"curies":[{"name":"wp","href":"https:\/\/api.w.org\/{rel}","templated":true}]}}