{"id":188,"date":"2023-01-30T11:24:43","date_gmt":"2023-01-30T11:24:43","guid":{"rendered":"https:\/\/rivalago.eu\/so-erreichen-sie-uns\/"},"modified":"2024-04-12T08:39:35","modified_gmt":"2024-04-12T08:39:35","slug":"so-erreichen-sie-uns","status":"publish","type":"page","link":"https:\/\/rivalago.eu\/de\/so-erreichen-sie-uns\/","title":{"rendered":"So erreichen Sie uns"},"content":{"rendered":"<p>Wir befinden uns am Seeufer in Cannobio, (VB), in der Via Ceroni Nr. 9.<\/p>\n<p>Sie k\u00f6nnen RIVALAGO jederzeit mit dem Auto erreichen, indem Sie die Staatsstra\u00dfe SS34 entlang fahren und in Via Ceroni aussteigen.<\/p>\n<p>F\u00fcr Kunden, die ihr Auto parken m\u00f6chten, steht ein gro\u00dfer kostenloser Privatparkplatz 400 m von der Einrichtung entfernt in der Via Rampadone in Cannobio zur Verf\u00fcgung.<br \/>\nDer Parkplatz ist mit einem automatischen Tor mit \u00d6ffnungscode, Video\u00fcberwachungskameras und viel Platz zum Rangieren ausgestattet.<\/p>\n<p>Am Tag vor Ihrer Ankunft senden wir Ihnen eine Nachricht mit allen Wegbeschreibungen und GPS-Koordinaten, damit Sie Ihr Gep\u00e4ck in der Anlage deponieren und Ihr Auto bequem auf dem Privatparkplatz abstellen k\u00f6nnen.<\/p>\n","protected":false},"excerpt":{"rendered":"<p>Wir befinden uns am Seeufer in Cannobio, (VB), in der Via Ceroni Nr. 9. Sie k\u00f6nnen RIVALAGO jederzeit mit dem Auto erreichen, indem Sie die Staatsstra\u00dfe SS34 entlang fahren und in Via Ceroni aussteigen. F\u00fcr Kunden, die ihr Auto parken m\u00f6chten, steht ein gro\u00dfer kostenloser Privatparkplatz 400 m von der Einrichtung entfernt in der Via [&hellip;]<\/p>\n","protected":false},"author":2,"featured_media":923,"parent":0,"menu_order":0,"comment_status":"closed","ping_status":"closed","template":"","meta":{"footnotes":""},"class_list":["post-188","page","type-page","status-publish","has-post-thumbnail","hentry"],"_links":{"self":[{"href":"https:\/\/rivalago.eu\/de\/wp-json\/wp\/v2\/pages\/188","targetHints":{"allow":["GET"]}}],"collection":[{"href":"https:\/\/rivalago.eu\/de\/wp-json\/wp\/v2\/pages"}],"about":[{"href":"https:\/\/rivalago.eu\/de\/wp-json\/wp\/v2\/types\/page"}],"author":[{"embeddable":true,"href":"https:\/\/rivalago.eu\/de\/wp-json\/wp\/v2\/users\/2"}],"replies":[{"embeddable":true,"href":"https:\/\/rivalago.eu\/de\/wp-json\/wp\/v2\/comments?post=188"}],"version-history":[{"count":1,"href":"https:\/\/rivalago.eu\/de\/wp-json\/wp\/v2\/pages\/188\/revisions"}],"predecessor-version":[{"id":1107,"href":"https:\/\/rivalago.eu\/de\/wp-json\/wp\/v2\/pages\/188\/revisions\/1107"}],"wp:featuredmedia":[{"embeddable":true,"href":"https:\/\/rivalago.eu\/de\/wp-json\/wp\/v2\/media\/923"}],"wp:attachment":[{"href":"https:\/\/rivalago.eu\/de\/wp-json\/wp\/v2\/media?parent=188"}],"curies":[{"name":"wp","href":"https:\/\/api.w.org\/{rel}","templated":true}]}}